{"id":208,"date":"2020-08-15T15:24:21","date_gmt":"2020-08-15T15:24:21","guid":{"rendered":"https:\/\/tvdillingen.de\/?page_id=208"},"modified":"2026-02-25T10:23:22","modified_gmt":"2026-02-25T10:23:22","slug":"gemischte-gruppen","status":"publish","type":"page","link":"https:\/\/tvdillingen.de\/?page_id=208","title":{"rendered":"Gemischte Gruppen"},"content":{"rendered":"\n<p><br><strong>MEDITATIVES TANZEN<br><\/strong><br>\u00dcbungsstunden<br>Odilienschule Di.: 16:00 \u2013 17:00 Uhr<br><br>Leitung<br>Anneliese Paulus<br>Tel.: 06831 \/ 7 444 6<br><br>Mit langsamen Schritten, mit Geb\u00e4rden mit ernsten und fr\u00f6hlichen Themen, wundersch\u00f6nen Musiken, z.B. aus Griechenland, Israel und Deutschland, hat diese Art von Tanzen ihren Ursprung. Im Tanzen wird die Welt gerundet und weitergereicht, von Hand zu Hand. Es entwickelt sich eine reiche Tanzkultur, in der auch Elemente von Folkloret\u00e4nzen eingeflossen sind.<br>Meditative T\u00e4nze sind Energiequelle f\u00fcr K\u00f6rper, Geist und Seele. Es k\u00f6nnen Frauen aller Altersklassen mittanzen.<br><br><br><strong>GESUND \u00c4LTER WERDEN!<br><\/strong><br>\u00dcbungsstunden<br>Odilienschule Di.: 17:00 \u2013 18:00 Uhr<br><br>Leitung<br>Anneliese Paulus<br>Tel.: 06831 \/ 7 444 6<br><br>Die \u00dcbungsstunden beginnen mit einem Aufw\u00e4rm- oder Konditionstraining. Es folgen gezielte \u00dcbungen f\u00fcr die Beweglichkeit des ganzen K\u00f6rpers. Herz und Kreislauf werden trainiert, Belastbarkeit und Flexibilit\u00e4t werden dadurch gesteigert.<br>Die Musik, die das Tempo und den Bewegungsrhythmus vorgibt, steigert die Freude am Training und f\u00f6rdert die Motivation.<br>Auch hier werden neue Mitglieder gerne aufgenommen.<br><br><br><strong>NORDIC WALKING<br><\/strong><br>Trainingsstunden<br>Do. 15.30 &#8211; 17.00 Uhr (Sommer)<br>Do. 15.00 &#8211; 16.30 Uhr (Winter)<br><br>Leitung<br>Anneliese Paulus<br>Tel.: 06831 \/ 7 444 6<br><br>Treffpunkt Dillinger Wald\/Dimmerstein (Verl\u00e4ngerung Triererstra\u00dfe). \/\u00d6kosee<br>Termine f\u00fcr Nordic-Walking-Anf\u00e4ngerkurse lt. Presse oder im Gesch\u00e4ftszimmer<br>Nordic-Walking ist eine Ausdauersportart aus Finnland, bei der schnelles Gehen und Skilanglauf kombiniert werden. Durch den Einsatz der St\u00f6cke wird der Kr\u00e4fteeinsatz gleichm\u00e4\u00dfig auf Arme und Beine verteilt, wodurch ein Ganzk\u00f6rpertraining von bis zu 90% der Muskulatur erreicht wird.<br>Nordic-Walking ist eine Sportart f\u00fcr Jedermann\/frau, die altersunabh\u00e4ngig durchgef\u00fchrt werden kann.<br>Die Sparte hat sich im Sportangebot des TV GERMANIA Dillingen fest etabliert. Hereinschnuppern gilt auch hier f\u00fcr alle Interessierten.<br><br><br><strong>VOLLEYBALL<br><\/strong><br>Trainingsstunden<br>Turnhalle Merziger Stra\u00dfe <br>Mo.: 20:00 \u2013 22:00 Uhr<br><br>Leitung<br>Hans-Bernd Marxen<br>Tel.: 06831 \/ 79 119<br>Mobil:<br>0160 9967 4802<br>marxenhb@gmail.com<br><br>Drei Dinge geh\u00f6ren zum Trainingsziel:<br>\u2022Verbesserung der Fitness,<br>\u2022Verbesserung der Technik,<br>\u2022Verbesserung der Taktik.<br>Aber dabei nicht vergessen: Die Freude am Spiel!<br>Unsere Gruppe spielt momentan im Durchschnitt mit 8 \u2013 10 Spielern.<br>Wichtig f\u00fcr uns ist die Aufw\u00e4rmphase, die ca. 35-40 min dauert.<br>Zu einem kostenlosen Probetraining sind Frauen und M\u00e4nner aller Altersklassen herzlich willkommen.<br><br><br><strong>YOGA<br><\/strong><br>Odilienschule Gymnastikraum <br>Di.: 18:30 bis 20:00 Uhr<br>Do.: 18:30 bis 20:00 Uhr <br><br>Trainerin: Anke Touschong<br><br>Aus dem stressigen Alltag heraustreten, hinein in ein bewusstes zur Ruhe kommen und Wahrnehmen des eigenen K\u00f6rpers.<br>Yoga &#8211; Die uralte fern\u00f6stliche Lehre zur Gesunderhaltung von K\u00f6rper, Geist und Seele bietet hierf\u00fcr ein ideales System.<br>Kursangebot: 10 Termine<br><br>Kosten: <br>55 EUR Nichtmitglieder <br>30 EUR Mitglieder<\/p>\n\n\n\n<p><br><br><strong>PR\u00c4VENTIVSPORT<br><\/strong><br>Trainingsstunden<br>Odilienschule Do.: 17:30 \u2013 19:00 Uhr<br><br>Leitung<br>Miriam Beckinger<br>Tel.: 06831 \/ 7645052<br><br>Pr\u00e4ventivsport bedeutet, durch sportliche Aktivit\u00e4ten gesundheitlichen Beeintr\u00e4chtigungen vorzubeugen oder deren Verschlimmerung zu verhindern. Infolgedessen zielt das Training darauf ab, die Herz-Kreislauf\u2013Leistung zu verbessern und die Muskulatur zu kr\u00e4ftigen.<br>Die Gruppe besteht derzeit aus knapp 30 Frauen und M\u00e4nnern.<br>Wie oben bereits erw\u00e4hnt, sind die Hauptbestandteile des Trainings ein Ausdauerteil und ein Kr\u00e4ftigungsteil, aber auch Entspannung und K\u00f6rperwahrnehmung werden ber\u00fccksichtigt. H\u00e4ufig l\u00e4uft zur Unterst\u00fctzung der Bewegungen Musik, bez\u00fcglich der Inhalte und Medien wird sehr abwechslungsreich trainiert. Es kommen fast alle \u00fcblichen Handger\u00e4te zum Einsatz (z.B. kleine Hanteln, Therab\u00e4nder, Reifen, B\u00e4lle, Keulen), es werden Einzel- und Partner\u00fcbungen durchgef\u00fchrt und auch kleine Spiele eingebaut. So werden spielerisch und mit Spa\u00df die angestrebten Trainingsziele erreicht.<br>Zu einem kostenlosen Probetraining sind Frauen und M\u00e4nner herzlich willkommen.<br><\/p>\n\n\n\n<p><strong>WANDERN<br><\/strong><br>Leitung:<br>Heidi Gergen<br>06831\/976436<br><br>Wanderprogramm<br><br>Treffen ist immer am bekannten Bahn-Parkplatz, die Einkehrm\u00f6glichkeiten werden vor der jeweiligen Wanderung bekannt gegeben.<br><br><br>\u00c4nderungen im Programm sind m\u00f6glich!<\/p>\n\n\n\n<p><strong>CROSS TRAINING<\/strong><br>Ganzk\u00f6rpertraining, das Kraft, Ausdauer, Kondition und Beweglichkeit effektiv kombiniert.<br>F\u00fcr Erwachsene &#8211; Anf\u00e4nger und Fortgeschrittene<br>Turnhalle Merziger Stra\u00dfe<br>Start: 04.03.2026, 10 Termine<br>18:30 &#8211; 19:30 Uhr<br>Kursangebot f\u00fcr Mitglieder und Nichtmitglieder<br>Kosten:<br>Mitglieder 20,00 EUR<br>Nichtmitglieder 50,00 EUR<br><\/p>\n","protected":false},"excerpt":{"rendered":"<p>MEDITATIVES TANZEN\u00dcbungsstundenOdilienschule Di.: 16:00 \u2013 17:00 Uhr LeitungAnneliese PaulusTel.: 06831 \/ 7 444 6 Mit langsamen Schritten, mit Geb\u00e4rden mit ernsten und fr\u00f6hlichen Themen, wundersch\u00f6nen Musiken, z.B. aus Griechenland, Israel und Deutschland, hat diese Art von Tanzen ihren Ursprung. Im Tanzen wird die Welt gerundet und weitergereicht, von Hand zu Hand. Es entwickelt sich eine&hellip; <br \/> <a class=\"read-more\" href=\"https:\/\/tvdillingen.de\/?page_id=208\">Weiterlesen<\/a><\/p>\n","protected":false},"author":1,"featured_media":0,"parent":0,"menu_order":0,"comment_status":"closed","ping_status":"closed","template":"","meta":{"footnotes":""},"class_list":["post-208","page","type-page","status-publish","hentry"],"_links":{"self":[{"href":"https:\/\/tvdillingen.de\/index.php?rest_route=\/wp\/v2\/pages\/208","targetHints":{"allow":["GET"]}}],"collection":[{"href":"https:\/\/tvdillingen.de\/index.php?rest_route=\/wp\/v2\/pages"}],"about":[{"href":"https:\/\/tvdillingen.de\/index.php?rest_route=\/wp\/v2\/types\/page"}],"author":[{"embeddable":true,"href":"https:\/\/tvdillingen.de\/index.php?rest_route=\/wp\/v2\/users\/1"}],"replies":[{"embeddable":true,"href":"https:\/\/tvdillingen.de\/index.php?rest_route=%2Fwp%2Fv2%2Fcomments&post=208"}],"version-history":[{"count":33,"href":"https:\/\/tvdillingen.de\/index.php?rest_route=\/wp\/v2\/pages\/208\/revisions"}],"predecessor-version":[{"id":1511,"href":"https:\/\/tvdillingen.de\/index.php?rest_route=\/wp\/v2\/pages\/208\/revisions\/1511"}],"wp:attachment":[{"href":"https:\/\/tvdillingen.de\/index.php?rest_route=%2Fwp%2Fv2%2Fmedia&parent=208"}],"curies":[{"name":"wp","href":"https:\/\/api.w.org\/{rel}","templated":true}]}}