{"id":199,"date":"2020-08-15T15:17:56","date_gmt":"2020-08-15T15:17:56","guid":{"rendered":"https:\/\/tvdillingen.de\/?page_id=199"},"modified":"2026-04-27T15:49:19","modified_gmt":"2026-04-27T15:49:19","slug":"wettkampfsport","status":"publish","type":"page","link":"https:\/\/tvdillingen.de\/?page_id=199","title":{"rendered":"Wettkampfsport"},"content":{"rendered":"\n<p><strong>Abteilungen:<br><\/strong>Trampolin<br>Ger\u00e4tturnen (m\/w)<br>Leichtathletik<br><\/p>\n\n\n\n<p id=\"Trampolin\"><strong>TRAMPOLIN<br><\/strong><br>Leitung:<br>Maurice Schneider<br>Kristina Kirsch<br>Andrej \/ Kira<br><br>Leistungstraining<br>Sporthalle West<br>Mo. 16:00 &#8211; 18:30<br>Di. 16:20 &#8211; 19:00<br>Fr. 16:00 &#8211; 18:30<br>nach Absprache, telefonische Voranmeldung<br>Tel. Kristina: 01772099819<br><br>Die Trampolinabteilung nimmt seit \u00fcber 20 Jahren regelm\u00e4\u00dfig und erfolgreich an landes- und bundesweiten Wettk\u00e4mpfen teil. Ein besonderes Highlight 2008 war die Teilnahme einer Turnerin an den Europameisterschaften in Frankreich und die Platzierung bei den Deutschen Meisterschaften 2024.<br><\/p>\n\n\n\n<p id=\"Volleyball\"><\/p>\n\n\n\n<p><br><\/p>\n\n\n\n<p id=\"Ger\u00e4tturnen\"><strong>GER\u00c4TTURNEN &#8212;&gt; Leistungsgruppe m\u00e4nnl.\/weibl.<br><\/strong><br>Das umfangreiche Leistungstraining dieser Abteilungen erfolgt in den Leistungszentren Kreissporthalle und Sporthalle West.<br>Meist wird t\u00e4glich mehrere Stunden trainiert unter Olympiasieger Sergej Charkov und unter Nadja Kindling.<br>Interessenten f\u00fcr das Ger\u00e4tturnen wenden sich zun\u00e4chst an<br>die Gesch\u00e4ftsstelle des TVD &#8212;&gt; Tel.: 06831\/702676<\/p>\n\n\n\n<p id=\"Leichtathletik\"><br><strong>LEICHTATHLETIK<br><\/strong>www.tv-dillingen-leichtathletik.de<br><br><strong>Leichtathletik f\u00fcr Kinder<\/strong><br>ab 4 Jahre<br>Sommer: Parkstadion<br>Winter: Albert-Schweitzer G.<br>Do.: 17:00 &#8211; 18:00 Uhr<br>Elena Ansch\u00fctz<br>Peter Fischer<br><br><strong>Erwachsene (17+)<br><\/strong>Leitung<br>Peter Fischer<br>Tel. 06831 \/ 707 174<br>Pfis712039@aol.com<br><br>Wettkampfsport<br>Trainerin<br>Silvia Gallelli<br><br>Trainingsstunden<br><em>Sommertraining<\/em><br>Parkstadion Di. ab 17:00 Uhr<br>Parkstadion Do. ab 17:00 Uhr<br><br><em>Wintertraining<\/em><br>Erwachsene und Jugend<br>alte Sporthalle des Albert-Schweitzer-Gymnasiums Dillingen (Dr.-Prior-Stra\u00dfe)<br>Dienstags von 17 bis 19 Uhr<br>Kinder<br>alte Sporthalle des Albert-Schweitzer-Gymnasiums Dillingen (Dr.-Prior-Stra\u00dfe)<br>Donnerstags von 16 Uhr 30 &#8211; 18 Uhr<br>Zugang ist \u00fcber den Schulhofeingang am Parkplatz rechts vom Schulgeb\u00e4ude<\/p>\n\n\n\n<p id=\"Leichtathletik\"><em>Wintertraining<\/em><br>Olympiast\u00fctzpunkt Saarbr\u00fccken Do. 17:45 &#8211; 20:00 Uhr<br>Lauftraining (November-M\u00e4rz) Wallerfanger Wald Sonntags ab 11:00<br><br>Unsere erfolgreichen Athletinnen:<br>Silvia Gallelli:&nbsp;&nbsp;&nbsp; &nbsp;&nbsp;&nbsp; &nbsp;&nbsp;&nbsp; &nbsp;&nbsp;&nbsp;&nbsp;&nbsp;&nbsp; 8. der Deutschen Bestenliste 200 m W60<br>Dunja Buhr:&nbsp;&nbsp;&nbsp; &nbsp;&nbsp;&nbsp; &nbsp;&nbsp;&nbsp; &nbsp;&nbsp;&nbsp;&nbsp;&nbsp;&nbsp;&nbsp;&nbsp; 20. der Deutschen Bestenliste 200 m W30<br>Mara Rebecca Hilgert:    32. der Deutschen Bestenliste im Kugelsto\u00df WJU20<\/p>\n\n\n\n<figure class=\"wp-block-image size-full\"><img loading=\"lazy\" decoding=\"async\" width=\"656\" height=\"294\" src=\"https:\/\/tvdillingen.de\/wp-content\/uploads\/2022\/12\/LA_Ang.jpg\" alt=\"\" class=\"wp-image-795\" srcset=\"https:\/\/tvdillingen.de\/wp-content\/uploads\/2022\/12\/LA_Ang.jpg 656w, https:\/\/tvdillingen.de\/wp-content\/uploads\/2022\/12\/LA_Ang-300x134.jpg 300w\" sizes=\"auto, (max-width: 656px) 100vw, 656px\" \/><\/figure>\n","protected":false},"excerpt":{"rendered":"<p>Abteilungen:TrampolinGer\u00e4tturnen (m\/w)Leichtathletik TRAMPOLINLeitung:Maurice SchneiderKristina KirschAndrej \/ Kira LeistungstrainingSporthalle WestMo. 16:00 &#8211; 18:30Di. 16:20 &#8211; 19:00Fr. 16:00 &#8211; 18:30nach Absprache, telefonische VoranmeldungTel. Kristina: 01772099819 Die Trampolinabteilung nimmt seit \u00fcber 20 Jahren regelm\u00e4\u00dfig und erfolgreich an landes- und bundesweiten Wettk\u00e4mpfen teil. Ein besonderes Highlight 2008 war die Teilnahme einer Turnerin an den Europameisterschaften in Frankreich und die&hellip; <br \/> <a class=\"read-more\" href=\"https:\/\/tvdillingen.de\/?page_id=199\">Weiterlesen<\/a><\/p>\n","protected":false},"author":1,"featured_media":0,"parent":0,"menu_order":0,"comment_status":"closed","ping_status":"closed","template":"","meta":{"footnotes":""},"class_list":["post-199","page","type-page","status-publish","hentry"],"_links":{"self":[{"href":"https:\/\/tvdillingen.de\/index.php?rest_route=\/wp\/v2\/pages\/199","targetHints":{"allow":["GET"]}}],"collection":[{"href":"https:\/\/tvdillingen.de\/index.php?rest_route=\/wp\/v2\/pages"}],"about":[{"href":"https:\/\/tvdillingen.de\/index.php?rest_route=\/wp\/v2\/types\/page"}],"author":[{"embeddable":true,"href":"https:\/\/tvdillingen.de\/index.php?rest_route=\/wp\/v2\/users\/1"}],"replies":[{"embeddable":true,"href":"https:\/\/tvdillingen.de\/index.php?rest_route=%2Fwp%2Fv2%2Fcomments&post=199"}],"version-history":[{"count":26,"href":"https:\/\/tvdillingen.de\/index.php?rest_route=\/wp\/v2\/pages\/199\/revisions"}],"predecessor-version":[{"id":1542,"href":"https:\/\/tvdillingen.de\/index.php?rest_route=\/wp\/v2\/pages\/199\/revisions\/1542"}],"wp:attachment":[{"href":"https:\/\/tvdillingen.de\/index.php?rest_route=%2Fwp%2Fv2%2Fmedia&parent=199"}],"curies":[{"name":"wp","href":"https:\/\/api.w.org\/{rel}","templated":true}]}}