{"id":196,"date":"2020-08-15T15:15:53","date_gmt":"2020-08-15T15:15:53","guid":{"rendered":"https:\/\/tvdillingen.de\/?page_id=196"},"modified":"2026-01-27T23:59:31","modified_gmt":"2026-01-27T23:59:31","slug":"freizeitsport-fuer-kinder-und-jugendliche","status":"publish","type":"page","link":"https:\/\/tvdillingen.de\/?page_id=196","title":{"rendered":"Freizeitsport f\u00fcr Kinder und Jugendliche"},"content":{"rendered":"\n<p><strong>ELTERN-KIND-TURNEN<br><\/strong><br>\u00dcbungsstunden<br>Odilienschule Mo.: 16:30 \u2013 18:00 Uhr<br> Di.: 16:30 \u2013 18:00 Uhr<br>Alter<br>12 Monate &#8211; 4 Jahre<br>Leitung<br>Mia Hinsberger<br>Bettina Seidel<br>Tel. 01747356883<br><\/p>\n\n\n\n<p><strong>SCH\u00dcLERTURNEN MIT REBECCA (neuer Trainingsort)<\/strong><\/p>\n\n\n\n<p>Sporthalle West, Empore, Mo. 15:30 &#8211; 17:00<br>Leiterin: Rebecca Hahn<\/p>\n\n\n\n<p>Spa\u00df, Bewegung und Teamgeist \u2013 Sch\u00fclerturnen ab 8 Jahren!<br>Du bist zwischen 8 und 12 Jahren alt und hast Lust auf Bewegung? Dann komm zu uns und werde Teil unseres Sch\u00fclerturnens! In einer abwechslungsreichen und sicheren Umgebung lernst du alles, was du f\u00fcr ein starkes und gesundes K\u00f6rpergef\u00fchl brauchst \u2013 vom Bodenturnen bis zu Spr\u00fcngen und anderen coolen \u00dcbungen.<br>Was dich erwartet:<br>Vielf\u00e4ltige \u00dcbungen: St\u00e4rke deine Koordination, Flexibilit\u00e4t und Kraft!<br>Spa\u00df und Teamgeist: Gemeinsam mit anderen Kindern turnst du, trainierst und hast jede Menge Spa\u00df.<br>F\u00fcr jedes Level: Egal, ob Anf\u00e4nger oder schon etwas ge\u00fcbter \u2013 hier ist jeder willkommen!<\/p>\n\n\n\n<p><strong>KRABBELGRUPPE MIT JENNY (neu)<\/strong><\/p>\n\n\n\n<p>Odilienschule Mo. 15:00 &#8211; 16:30<br>Leiterin: Jenny Ligotti<\/p>\n\n\n\n<p>Krabbelgruppe im Turnverein &#8211; Spa\u00df und Bewegung f\u00fcr die Kleinsten!<br>Unsere Krabbelgruppe ist der perfekte Ort f\u00fcr Kinder von 6 Monaten bis 2 Jahren, um spielerisch ihre motorischen F\u00e4higkeiten zu entwickeln und soziale Kontakte zu kn\u00fcpfen. Mit viel Spa\u00df und altersgerechten Bewegungs\u00fcbungen f\u00f6rdern wir die motorische und sensorische Entwicklung &#8211; ganz nebenbei wird die Bindung zu anderen Kindern und Eltern gest\u00e4rkt.<br>Was erwartet Euch?<\/p>\n\n\n\n<ul class=\"wp-block-list\">\n<li>Spiel und Bewegung in einer sicheren und anregenden Umgebung<\/li>\n\n\n\n<li>Altersgerechte \u00dcbungen zur F\u00f6rderung der Motorik und Koordination<\/li>\n\n\n\n<li>Gemeinsame Erlebnisse und Austausch mit anderen Eltern<\/li>\n\n\n\n<li>Jede Menge Spa\u00df und fr\u00f6hliche Momente!<br>Kommen Sie vorbei und erleben Sie, wie Ihr Kind sich in der Krabbelgruppe entfalten kann. Wir freuen uns auf Euch!<\/li>\n<\/ul>\n\n\n\n<p><br><br><strong>FUN for KIDS<br><\/strong><br>\u00dcbungsstunden<br>Odilienschule Di.: 15:00 \u2013 16:30 Uhr<br><br>Alter<br>ab 4 bis 6 Jahre<br>Leitung<br>Bettina Seidel<br>Tel. 01747356883<br><br>Liebe Eltern,<br>viele Kinder bewegen sich heute zu wenig. Dabei geh\u00f6rt gerade f\u00fcr sie das richtige Austoben zum Gesund-Bleiben oder \u2013Werden.<br>Der Satz \u201eSitz doch mal ruhig!\u201c tut deshalb zwar irgendwelchen Benimmregeln Gen\u00fcge, nicht aber unseren Kindern. Denn Bewegung in der Kindheit, vor allem im Vor- und Grundschulalter, setzt wesentliche Impulse z.B. f\u00fcr die Hirnreife. Das l\u00e4sst sich sp\u00e4ter schwer nachholen!<br>Bewegung brauchen wir jeden Tag \u2013 wie Nahrung auch!<br><br><strong>Bewegung<\/strong><br>\u2022 steigert die Muskelkraft,<br>\u2022 sorgt f\u00fcr eine gute K\u00f6rperhaltung,<br>\u2022 st\u00e4rkt Herz, Kreislauf und Atmung,<br>\u2022 hilft, Krankheiten vorzubeugen,<br>\u2022 entwickelt Selbstsicherheit und mehr Selbstvertrauen,<br>\u2022 f\u00f6rdert das soziale Miteinander und<br>\u2022 hilft beim Lernen und Sich-Konzentrieren,<br>\u2022 macht Kinder selbst\u00e4ndiger und einfach schlauer!<br><br>Daher einfach mal vorbei schauen!!<br><br><strong>KUNSTRADFAHREN<\/strong><br><br>Fr 17:00 \u2013 18:30 Odilenschule Dillingen (Kinder)<br>Fr 18:30 \u2013 20:00 Odilenschule Dillingen (Erwachsene)<br>Sporthalle B\u00f6ckingstra\u00dfe <br>Trainer: Frank Gindorf<br><br><strong>TRAMPOLIN<br><\/strong>f\u00fcr Anf\u00e4nger (ab 7 Jahren)<br>Gemischte Gruppen<br>Sporthalle West Mo 15:30 \u2013 17:00 Uhr<br>Sporthalle West Mo 16:45 \u2013 18:45 Uhr<br>Trainerinnen:<br>Kathrin Paul<br>Gina Leidinger<br>Samira Bonsangue<br>Kristina Kirsch<br>Tel. Kristina: 01772099819<br><br>Minis<br>ab 4 Jahren<br>Sporthalle West Di 16:30 \u2013 18:30 Uhr<br><br>Leitung:<br>Jaqueline Amann<br>Tobias Melzer<br><br>Erwachsene<br>Sporthalle West Fr 18:30-20:00<br><br><br><strong>LEICHTATHLETIK<\/strong> <strong>MINIS<\/strong><br><br>Sommertraining<\/p>\n\n\n\n<p>Donnerstag,  16:30 &#8211; 17:30 Uhr <br>Parkstadion<\/p>\n\n\n\n<p>Wintertraining<br>Donnerstag, ab 16:15 Uhr in der Sporthalle Odilienschule.<\/p>\n\n\n\n<p>Trainerin: Elena Ansch\u00fctz<br>Trainer: Peter Fischer<br><br><br><strong>JAZZDANCE<br><\/strong><br>Trainingsstunden<br>Gruppe 1<br>R\u00f6merschule Fr.: 16:15 \u2013 17:15 Uhr<br>Gruppe 2<br>R\u00f6merschule Fr.: 17:15 \u2013 18:30 Uhr<br><br>Alter<br>Gruppe 1: 4 &#8211; 9 Jahre<br>Gruppe 2: 10 &#8211; 15 Jahre<br>Leitung<br>Bettina Seidel<br>Tel. 0174 \/ 7356883<br><br>Bettina Seidel leitet die Abteilung Jazzdance inzwischen \u00fcber 20 Jahre. Unter ihrer F\u00fchrung wurde die Formation auf zwei Gruppen erweitert. Sie sind offen f\u00fcr junge und bewegungsfreudige M\u00e4dchen, die gerne tanzen.<br>In den Trainingsstunden wird sich zuerst aufgew\u00e4rmt, um Verletzungen zu vermeiden. Dies geschieht meist spielerisch durch Dehnen, Spr\u00fcnge, Drehungen bis hin zum Krafttraining.<br>Es folgt das eigentliche Tanzen. Dabei werden Schrittkombinationen einge\u00fcbt zu einer bestimmten Musik aus den neuesten Charts. Interessierte M\u00e4dchen sollen beim Training einfach mal vorbeischauen!<br>Nat\u00fcrlich freut es die Jugendlichen besonders, ihr K\u00f6nnen auch vor einem Publikum zu pr\u00e4sentieren. Interessenten wenden sich an die Leiterin, Bettina Seidel.<\/p>\n\n\n\n<p><\/p>\n","protected":false},"excerpt":{"rendered":"<p>ELTERN-KIND-TURNEN\u00dcbungsstundenOdilienschule Mo.: 16:30 \u2013 18:00 Uhr Di.: 16:30 \u2013 18:00 UhrAlter12 Monate &#8211; 4 JahreLeitungMia HinsbergerBettina SeidelTel. 01747356883 SCH\u00dcLERTURNEN MIT REBECCA (neuer Trainingsort) Sporthalle West, Empore, Mo. 15:30 &#8211; 17:00Leiterin: Rebecca Hahn Spa\u00df, Bewegung und Teamgeist \u2013 Sch\u00fclerturnen ab 8 Jahren!Du bist zwischen 8 und 12 Jahren alt und hast Lust auf Bewegung? Dann komm&hellip; <br \/> <a class=\"read-more\" href=\"https:\/\/tvdillingen.de\/?page_id=196\">Weiterlesen<\/a><\/p>\n","protected":false},"author":1,"featured_media":0,"parent":0,"menu_order":0,"comment_status":"closed","ping_status":"closed","template":"","meta":{"footnotes":""},"class_list":["post-196","page","type-page","status-publish","hentry"],"_links":{"self":[{"href":"https:\/\/tvdillingen.de\/index.php?rest_route=\/wp\/v2\/pages\/196","targetHints":{"allow":["GET"]}}],"collection":[{"href":"https:\/\/tvdillingen.de\/index.php?rest_route=\/wp\/v2\/pages"}],"about":[{"href":"https:\/\/tvdillingen.de\/index.php?rest_route=\/wp\/v2\/types\/page"}],"author":[{"embeddable":true,"href":"https:\/\/tvdillingen.de\/index.php?rest_route=\/wp\/v2\/users\/1"}],"replies":[{"embeddable":true,"href":"https:\/\/tvdillingen.de\/index.php?rest_route=%2Fwp%2Fv2%2Fcomments&post=196"}],"version-history":[{"count":34,"href":"https:\/\/tvdillingen.de\/index.php?rest_route=\/wp\/v2\/pages\/196\/revisions"}],"predecessor-version":[{"id":1490,"href":"https:\/\/tvdillingen.de\/index.php?rest_route=\/wp\/v2\/pages\/196\/revisions\/1490"}],"wp:attachment":[{"href":"https:\/\/tvdillingen.de\/index.php?rest_route=%2Fwp%2Fv2%2Fmedia&parent=196"}],"curies":[{"name":"wp","href":"https:\/\/api.w.org\/{rel}","templated":true}]}}