{"id":193,"date":"2020-08-15T15:14:44","date_gmt":"2020-08-15T15:14:44","guid":{"rendered":"https:\/\/tvdillingen.de\/?page_id=193"},"modified":"2026-01-30T21:33:38","modified_gmt":"2026-01-30T21:33:38","slug":"sportangebot","status":"publish","type":"page","link":"https:\/\/tvdillingen.de\/?page_id=193","title":{"rendered":"Sportangebot"},"content":{"rendered":"\n<p>Der TV Germania Dillingen hat zahlreiche Sportangebote in folgenden Bereichen:<br>\u2022Freizeitsport f\u00fcr Kinder und Jugendliche<br>\u2022Wettkampfsport<br>\u2022Freizeit- und Gesundheitssport f\u00fcr Erwachsene<br><br>Aktuelle Kursangebote<br>Kurse sind kompakte, zeitlich begrenzte Sportangebote, die auch Nichtmitgliedern offenstehen.<br>F\u00fcr Details wie Inhalte, Termine, freie Pl\u00e4tze und zus\u00e4tzliche Kosten informieren Sie sich bitte bei der jeweiligen \u00dcbungsleiterin.<br>Weitere Infos auch unter &#8222;Aktuelles und Termine&#8220;<br><br><strong>Aktuelle Kurse:<\/strong><br><br><strong>CROSS TRAINING<\/strong><br>Ganzk\u00f6rpertraining, das Kraft, Ausdauer, Kondition und Beweglichkeit effektiv kombiniert.<br>F\u00fcr Erwachsene &#8211; Anf\u00e4nger und Fortgeschrittene<br>Turnhalle Merziger Stra\u00dfe<br>Start: 04.03.2026, 10 Termine<br>18:30 &#8211; 19:30 Uhr<br>Kursangebot f\u00fcr Mitglieder und Nichtmitglieder<br>Kosten:<br>Mitglieder 20,00 EUR<br>Nichtmitglieder 50,00 EUR<br><\/p>\n","protected":false},"excerpt":{"rendered":"<p>Der TV Germania Dillingen hat zahlreiche Sportangebote in folgenden Bereichen:\u2022Freizeitsport f\u00fcr Kinder und Jugendliche\u2022Wettkampfsport\u2022Freizeit- und Gesundheitssport f\u00fcr Erwachsene Aktuelle KursangeboteKurse sind kompakte, zeitlich begrenzte Sportangebote, die auch Nichtmitgliedern offenstehen.F\u00fcr Details wie Inhalte, Termine, freie Pl\u00e4tze und zus\u00e4tzliche Kosten informieren Sie sich bitte bei der jeweiligen \u00dcbungsleiterin.Weitere Infos auch unter &#8222;Aktuelles und Termine&#8220; Aktuelle Kurse: CROSS&hellip; <br \/> <a class=\"read-more\" href=\"https:\/\/tvdillingen.de\/?page_id=193\">Weiterlesen<\/a><\/p>\n","protected":false},"author":1,"featured_media":0,"parent":0,"menu_order":0,"comment_status":"closed","ping_status":"closed","template":"","meta":{"footnotes":""},"class_list":["post-193","page","type-page","status-publish","hentry"],"_links":{"self":[{"href":"https:\/\/tvdillingen.de\/index.php?rest_route=\/wp\/v2\/pages\/193","targetHints":{"allow":["GET"]}}],"collection":[{"href":"https:\/\/tvdillingen.de\/index.php?rest_route=\/wp\/v2\/pages"}],"about":[{"href":"https:\/\/tvdillingen.de\/index.php?rest_route=\/wp\/v2\/types\/page"}],"author":[{"embeddable":true,"href":"https:\/\/tvdillingen.de\/index.php?rest_route=\/wp\/v2\/users\/1"}],"replies":[{"embeddable":true,"href":"https:\/\/tvdillingen.de\/index.php?rest_route=%2Fwp%2Fv2%2Fcomments&post=193"}],"version-history":[{"count":4,"href":"https:\/\/tvdillingen.de\/index.php?rest_route=\/wp\/v2\/pages\/193\/revisions"}],"predecessor-version":[{"id":1497,"href":"https:\/\/tvdillingen.de\/index.php?rest_route=\/wp\/v2\/pages\/193\/revisions\/1497"}],"wp:attachment":[{"href":"https:\/\/tvdillingen.de\/index.php?rest_route=%2Fwp%2Fv2%2Fmedia&parent=193"}],"curies":[{"name":"wp","href":"https:\/\/api.w.org\/{rel}","templated":true}]}}