{"id":18,"date":"2020-03-28T17:23:10","date_gmt":"2020-03-28T17:23:10","guid":{"rendered":"http:\/\/tvdillingen.de\/?page_id=18"},"modified":"2023-11-27T17:41:37","modified_gmt":"2023-11-27T17:41:37","slug":"home","status":"publish","type":"page","link":"https:\/\/tvdillingen.de\/?page_id=18","title":{"rendered":""},"content":{"rendered":"\n<h3 class=\"wp-block-heading has-text-align-center\" id=\"tv-germania-1899dillingen-e-v\">TV Germania 1899<br>Dillingen e.V.<\/h3>\n\n\n\n<p class=\"has-text-align-center\"><strong>Herzlich Willkommen!<\/strong> <br><br>Wir begr\u00fc\u00dfen Sie auf unserer Homepage und w\u00fcnschen Ihnen viel Spa\u00df beim Surfen  in unseren modernen Sportangeboten und den Aktivit\u00e4ten unseres Vereins.<br><br>Mach mit, werd\u2019 fit im TV Germania Dillingen! <\/p>\n\n\n<div class=\"wp-block-image\">\n<figure class=\"aligncenter size-large\"><img loading=\"lazy\" decoding=\"async\" width=\"155\" height=\"213\" src=\"http:\/\/tvdillingen.de\/wp-content\/uploads\/2020\/03\/start_04.gif\" alt=\"\" class=\"wp-image-4\"\/><\/figure>\n<\/div>\n\n\n<p class=\"has-text-align-center\">Stets ein informativer Treff: Unsere Gesch\u00e4ftsstelle<br><\/p>\n\n\n\n<figure class=\"wp-block-table\"><table><tbody><tr><td>Postanschrift <\/td><td>TV Germania 1899 Dillingen <br>G\u00f6benstra\u00dfe 2 <br>66763 Dillingen <br>Tel.: 06831\/702676<br>Mail: TVD1899@aol.com <\/td><\/tr><tr><td>\u00d6ffnungszeiten <\/td><td>Mo: 16:00 bis 18:00 Uhr<br>    <br>(W\u00e4hrend der Schulferien geschlossen)   <\/td><\/tr><\/tbody><\/table><\/figure>\n","protected":false},"excerpt":{"rendered":"<p>TV Germania 1899Dillingen e.V. Herzlich Willkommen! Wir begr\u00fc\u00dfen Sie auf unserer Homepage und w\u00fcnschen Ihnen viel Spa\u00df beim Surfen in unseren modernen Sportangeboten und den Aktivit\u00e4ten unseres Vereins. Mach mit, werd\u2019 fit im TV Germania Dillingen! Stets ein informativer Treff: Unsere Gesch\u00e4ftsstelle Postanschrift TV Germania 1899 Dillingen G\u00f6benstra\u00dfe 2 66763 Dillingen Tel.: 06831\/702676Mail: TVD1899@aol.com \u00d6ffnungszeiten&hellip; <br \/> <a class=\"read-more\" href=\"https:\/\/tvdillingen.de\/?page_id=18\">Weiterlesen<\/a><\/p>\n","protected":false},"author":1,"featured_media":0,"parent":0,"menu_order":0,"comment_status":"closed","ping_status":"closed","template":"","meta":{"footnotes":""},"class_list":["post-18","page","type-page","status-publish","hentry"],"_links":{"self":[{"href":"https:\/\/tvdillingen.de\/index.php?rest_route=\/wp\/v2\/pages\/18","targetHints":{"allow":["GET"]}}],"collection":[{"href":"https:\/\/tvdillingen.de\/index.php?rest_route=\/wp\/v2\/pages"}],"about":[{"href":"https:\/\/tvdillingen.de\/index.php?rest_route=\/wp\/v2\/types\/page"}],"author":[{"embeddable":true,"href":"https:\/\/tvdillingen.de\/index.php?rest_route=\/wp\/v2\/users\/1"}],"replies":[{"embeddable":true,"href":"https:\/\/tvdillingen.de\/index.php?rest_route=%2Fwp%2Fv2%2Fcomments&post=18"}],"version-history":[{"count":19,"href":"https:\/\/tvdillingen.de\/index.php?rest_route=\/wp\/v2\/pages\/18\/revisions"}],"predecessor-version":[{"id":934,"href":"https:\/\/tvdillingen.de\/index.php?rest_route=\/wp\/v2\/pages\/18\/revisions\/934"}],"wp:attachment":[{"href":"https:\/\/tvdillingen.de\/index.php?rest_route=%2Fwp%2Fv2%2Fmedia&parent=18"}],"curies":[{"name":"wp","href":"https:\/\/api.w.org\/{rel}","templated":true}]}}