{"id":124,"date":"2020-06-30T15:44:39","date_gmt":"2020-06-30T15:44:39","guid":{"rendered":"http:\/\/tvdillingen.de\/?page_id=124"},"modified":"2024-09-28T11:52:59","modified_gmt":"2024-09-28T11:52:59","slug":"mitgliedschaft","status":"publish","type":"page","link":"https:\/\/tvdillingen.de\/?page_id=124","title":{"rendered":"Mitgliedschaft"},"content":{"rendered":"\n<p>Hier k\u00f6nnen Sie sich die Aufnahmeformulare und andere Informationen&nbsp;als .pdf-Datei herunterladen.<\/p>\n\n\n\n<hr class=\"wp-block-separator has-alpha-channel-opacity is-style-dots\"\/>\n\n\n\n<p>Download Beitrittsformular<\/p>\n\n\n\n<div class=\"wp-block-buttons is-layout-flex wp-block-buttons-is-layout-flex\">\n<div class=\"wp-block-button\"><a class=\"wp-block-button__link wp-element-button\" href=\"http:\/\/tvdillingen.de\/wp-content\/uploads\/2020\/06\/Beitritt_2019.pdf\">Beitritt<\/a><\/div>\n<\/div>\n\n\n\n<hr class=\"wp-block-separator has-alpha-channel-opacity is-style-dots\"\/>\n\n\n\n<p>Download Satzung (Stand: 2012)<\/p>\n\n\n\n<div class=\"wp-block-buttons is-layout-flex wp-block-buttons-is-layout-flex\">\n<div class=\"wp-block-button\"><a class=\"wp-block-button__link wp-element-button\" href=\"https:\/\/tvdillingen.de\/wp-content\/uploads\/2024\/03\/Satzung_1211a.pdf\" target=\"_blank\" rel=\"noreferrer noopener\">Satzung<\/a><\/div>\n<\/div>\n\n\n\n<hr class=\"wp-block-separator has-alpha-channel-opacity is-style-dots\"\/>\n\n\n\n<p><strong>\u00c4nderung der Geb\u00fchrenordnung zum 01.10.2023<\/strong><br>Die Mitgliedsbeitr\u00e4ge werden wie folgt geregelt:<br>Der bisherige Monatsbeitrag gilt nur f\u00fcr <strong>eine <\/strong>Abteilung. F\u00fcr die Mitgliedschaft in weiteren Abteilungen wird ein Zusatzbeitrag von 1\u20ac pro Abteilung und Monat erhoben.<br>Von dieser Regelung ausgenommen sind die Leistungsgruppen sowie die Abteilungen Wandern und Yoga.<br>Ab dem dritten Quartal 2024 gelten neue monatliche Beitr\u00e4ge.<\/p>\n\n\n\n<hr class=\"wp-block-separator has-alpha-channel-opacity is-style-dots\"\/>\n\n\n\n<p><strong>Geb\u00fchrenordnung <\/strong>(Stand 01.09.2024), Beitrag\/Monat<\/p>\n\n\n\n<figure class=\"wp-block-table\"><table><tbody><tr><td>Erwachsene<\/td><td>8,50<\/td><\/tr><tr><td>Kinder<\/td><td>7,50<\/td><\/tr><tr><td><\/td><td><\/td><\/tr><tr><td>Mutter\/Kind-Abteilung 9,00 + 1,50 pro Kind<\/td><td><\/td><\/tr><tr><td>ab 4 Jahre voller Beitrag<\/td><td><\/td><\/tr><tr><td><\/td><td><\/td><\/tr><tr><td>Ger\u00e4tturnen w<\/td><td>14,00<\/td><\/tr><tr><td>Ger\u00e4tturnen m<\/td><td>12,00<\/td><\/tr><tr><td>Kunstradfahren<\/td><td>10,00<\/td><\/tr><tr><td>Trampolin<\/td><td>12,00<\/td><\/tr><tr><td>Leichtathletik<\/td><td>8,50<\/td><\/tr><\/tbody><\/table><\/figure>\n\n\n\n<p>Bei Neuvertr\u00e4gen wird es keinen Familienbeitrag mehr geben. Bei finanziell schlechter gestellten Familien kann Antrag auf Erm\u00e4\u00dfigung gestellt werden, der Vorstand pr\u00fcft jeden Fall separat.<\/p>\n","protected":false},"excerpt":{"rendered":"<p>Hier k\u00f6nnen Sie sich die Aufnahmeformulare und andere Informationen&nbsp;als .pdf-Datei herunterladen. Download Beitrittsformular Download Satzung (Stand: 2012) \u00c4nderung der Geb\u00fchrenordnung zum 01.10.2023Die Mitgliedsbeitr\u00e4ge werden wie folgt geregelt:Der bisherige Monatsbeitrag gilt nur f\u00fcr eine Abteilung. F\u00fcr die Mitgliedschaft in weiteren Abteilungen wird ein Zusatzbeitrag von 1\u20ac pro Abteilung und Monat erhoben.Von dieser Regelung ausgenommen sind die&hellip; <br \/> <a class=\"read-more\" href=\"https:\/\/tvdillingen.de\/?page_id=124\">Weiterlesen<\/a><\/p>\n","protected":false},"author":1,"featured_media":0,"parent":0,"menu_order":0,"comment_status":"closed","ping_status":"closed","template":"","meta":{"footnotes":""},"class_list":["post-124","page","type-page","status-publish","hentry"],"_links":{"self":[{"href":"https:\/\/tvdillingen.de\/index.php?rest_route=\/wp\/v2\/pages\/124","targetHints":{"allow":["GET"]}}],"collection":[{"href":"https:\/\/tvdillingen.de\/index.php?rest_route=\/wp\/v2\/pages"}],"about":[{"href":"https:\/\/tvdillingen.de\/index.php?rest_route=\/wp\/v2\/types\/page"}],"author":[{"embeddable":true,"href":"https:\/\/tvdillingen.de\/index.php?rest_route=\/wp\/v2\/users\/1"}],"replies":[{"embeddable":true,"href":"https:\/\/tvdillingen.de\/index.php?rest_route=%2Fwp%2Fv2%2Fcomments&post=124"}],"version-history":[{"count":12,"href":"https:\/\/tvdillingen.de\/index.php?rest_route=\/wp\/v2\/pages\/124\/revisions"}],"predecessor-version":[{"id":1156,"href":"https:\/\/tvdillingen.de\/index.php?rest_route=\/wp\/v2\/pages\/124\/revisions\/1156"}],"wp:attachment":[{"href":"https:\/\/tvdillingen.de\/index.php?rest_route=%2Fwp%2Fv2%2Fmedia&parent=124"}],"curies":[{"name":"wp","href":"https:\/\/api.w.org\/{rel}","templated":true}]}}