{"id":115,"date":"2020-06-30T15:14:36","date_gmt":"2020-06-30T15:14:36","guid":{"rendered":"http:\/\/tvdillingen.de\/?page_id=115"},"modified":"2020-08-29T14:23:47","modified_gmt":"2020-08-29T14:23:47","slug":"sportanlagen","status":"publish","type":"page","link":"https:\/\/tvdillingen.de\/?page_id=115","title":{"rendered":"Sportanlagen"},"content":{"rendered":"\n<div class=\"wp-block-columns is-layout-flex wp-container-core-columns-is-layout-9d6595d7 wp-block-columns-is-layout-flex\">\n<div class=\"wp-block-column is-layout-flow wp-block-column-is-layout-flow\">\n<p><strong>R\u00f6merhalle<\/strong><br>Fit am Morgen<\/p>\n<\/div>\n\n\n\n<div class=\"wp-block-column is-layout-flow wp-block-column-is-layout-flow\">\n<figure class=\"wp-block-image size-large\"><img loading=\"lazy\" decoding=\"async\" width=\"255\" height=\"188\" src=\"https:\/\/tvdillingen.de\/wp-content\/uploads\/2020\/08\/roemer_h.jpg\" alt=\"\" class=\"wp-image-245\"\/><figcaption>R\u00f6merstra\u00dfe \/ Pachten<\/figcaption><\/figure>\n\n\n\n<div class=\"wp-block-columns is-layout-flex wp-container-core-columns-is-layout-9d6595d7 wp-block-columns-is-layout-flex\">\n<div class=\"wp-block-column is-layout-flow wp-block-column-is-layout-flow\"><\/div>\n\n\n\n<div class=\"wp-block-column is-layout-flow wp-block-column-is-layout-flow\"><\/div>\n<\/div>\n<\/div>\n<\/div>\n\n\n\n<div class=\"wp-block-columns is-layout-flex wp-container-core-columns-is-layout-9d6595d7 wp-block-columns-is-layout-flex\">\n<div class=\"wp-block-column is-layout-flow wp-block-column-is-layout-flow\">\n<p><strong>Sporthalle Merziger Stra\u00dfe<\/strong><br>Leichtathletik Wintertraining<br>Volleyball<\/p>\n<\/div>\n\n\n\n<div class=\"wp-block-column is-layout-flow wp-block-column-is-layout-flow\">\n<figure class=\"wp-block-image size-large\"><img loading=\"lazy\" decoding=\"async\" width=\"250\" height=\"162\" src=\"https:\/\/tvdillingen.de\/wp-content\/uploads\/2020\/08\/sph_mzg.jpg\" alt=\"\" class=\"wp-image-246\"\/><figcaption>Merziger Stra\u00dfe<\/figcaption><\/figure>\n<\/div>\n<\/div>\n\n\n\n<div class=\"wp-block-columns is-layout-flex wp-container-core-columns-is-layout-9d6595d7 wp-block-columns-is-layout-flex\">\n<div class=\"wp-block-column is-layout-flow wp-block-column-is-layout-flow\">\n<p><strong>Kreissporthalle<\/strong><br>Ger\u00e4tturnen<br>Mach mit bleib fit<\/p>\n<\/div>\n\n\n\n<div class=\"wp-block-column is-layout-flow wp-block-column-is-layout-flow\">\n<figure class=\"wp-block-image size-large\"><img loading=\"lazy\" decoding=\"async\" width=\"250\" height=\"188\" src=\"https:\/\/tvdillingen.de\/wp-content\/uploads\/2020\/06\/KSH.jpg\" alt=\"\" class=\"wp-image-116\"\/><figcaption>Wallerfanger Stra\u00dfe<\/figcaption><\/figure>\n<\/div>\n<\/div>\n\n\n\n<div class=\"wp-block-group\"><div class=\"wp-block-group__inner-container is-layout-flow wp-block-group-is-layout-flow\">\n<div class=\"wp-block-columns is-layout-flex wp-container-core-columns-is-layout-9d6595d7 wp-block-columns-is-layout-flex\">\n<div class=\"wp-block-column is-layout-flow wp-block-column-is-layout-flow\">\n<p><strong>Parkstadion<\/strong><br>Leichtathletik f\u00fcr Jugendliche ab 9 Jahre<br>Sommertraining<\/p>\n\n\n\n<p>Leichtathletik f\u00fcr Erwachsene<br>Sommertraining<\/p>\n<\/div>\n\n\n\n<div class=\"wp-block-column is-layout-flow wp-block-column-is-layout-flow\">\n<figure class=\"wp-block-image size-large\"><img loading=\"lazy\" decoding=\"async\" width=\"250\" height=\"188\" src=\"https:\/\/tvdillingen.de\/wp-content\/uploads\/2020\/06\/PaSt.jpg\" alt=\"\" class=\"wp-image-117\"\/><figcaption>Wallerfanger Stra\u00dfe<\/figcaption><\/figure>\n<\/div>\n<\/div>\n<\/div><\/div>\n\n\n\n<div class=\"wp-block-group\"><div class=\"wp-block-group__inner-container is-layout-flow wp-block-group-is-layout-flow\">\n<div class=\"wp-block-columns is-layout-flex wp-container-core-columns-is-layout-9d6595d7 wp-block-columns-is-layout-flex\">\n<div class=\"wp-block-column is-layout-flow wp-block-column-is-layout-flow\">\n<p><strong>Sporthalle West<\/strong><br>Ger\u00e4tturnen<br>Trampolin<br>Volleyball Damen<\/p>\n<\/div>\n\n\n\n<div class=\"wp-block-column is-layout-flow wp-block-column-is-layout-flow\">\n<figure class=\"wp-block-image size-large\"><img loading=\"lazy\" decoding=\"async\" width=\"250\" height=\"188\" src=\"https:\/\/tvdillingen.de\/wp-content\/uploads\/2020\/06\/SpHW.jpg\" alt=\"\" class=\"wp-image-118\"\/><figcaption>Konrad-Adenauer-Allee<\/figcaption><\/figure>\n<\/div>\n<\/div>\n<\/div><\/div>\n\n\n\n<div class=\"wp-block-columns is-layout-flex wp-container-core-columns-is-layout-9d6595d7 wp-block-columns-is-layout-flex\">\n<div class=\"wp-block-column is-layout-flow wp-block-column-is-layout-flow\"><\/div>\n<\/div>\n\n\n\n<div class=\"wp-block-columns is-layout-flex wp-container-core-columns-is-layout-9d6595d7 wp-block-columns-is-layout-flex\">\n<div class=\"wp-block-column is-layout-flow wp-block-column-is-layout-flow\">\n<p><strong>R\u00f6merschule<\/strong><br>Jazzdance<br>Fit Forever<br>Fit und mobil<\/p>\n<\/div>\n\n\n\n<div class=\"wp-block-column is-layout-flow wp-block-column-is-layout-flow\">\n<figure class=\"wp-block-image size-large\"><img loading=\"lazy\" decoding=\"async\" width=\"250\" height=\"188\" src=\"https:\/\/tvdillingen.de\/wp-content\/uploads\/2020\/06\/5acb850321.jpg\" alt=\"\" class=\"wp-image-120\"\/><figcaption>R\u00f6merstra\u00dfe<\/figcaption><\/figure>\n<\/div>\n<\/div>\n\n\n\n<div class=\"wp-block-columns is-layout-flex wp-container-core-columns-is-layout-9d6595d7 wp-block-columns-is-layout-flex\">\n<div class=\"wp-block-column is-layout-flow wp-block-column-is-layout-flow\">\n<p><strong>Odilienschule<\/strong><\/p>\n\n\n\n<p>Aerobic + Fitness<br>Mittwochsmix<br>Step Aerobic<br>Meditativer Tanz<br>Gesund \u00e4lter werden<br>Yoga<br>Pr\u00e4ventivsport<br>Eltern-Kind<br>Fun for Kids<br>Sch\u00fclerturnen<br>Leichtathletik Wintertraining<\/p>\n<\/div>\n\n\n\n<div class=\"wp-block-column is-layout-flow wp-block-column-is-layout-flow\">\n<figure class=\"wp-block-image size-large\"><img loading=\"lazy\" decoding=\"async\" width=\"250\" height=\"188\" src=\"https:\/\/tvdillingen.de\/wp-content\/uploads\/2020\/06\/8a893d96e9.jpg\" alt=\"\" class=\"wp-image-119\"\/><figcaption>B\u00f6ckingstra\u00dfe<\/figcaption><\/figure>\n<\/div>\n<\/div>\n\n\n","protected":false},"excerpt":{"rendered":"<p>R\u00f6merhalleFit am Morgen Sporthalle Merziger Stra\u00dfeLeichtathletik WintertrainingVolleyball KreissporthalleGer\u00e4tturnenMach mit bleib fit ParkstadionLeichtathletik f\u00fcr Jugendliche ab 9 JahreSommertraining Leichtathletik f\u00fcr ErwachseneSommertraining Sporthalle WestGer\u00e4tturnenTrampolinVolleyball Damen R\u00f6merschuleJazzdanceFit ForeverFit und mobil Odilienschule Aerobic + FitnessMittwochsmixStep AerobicMeditativer TanzGesund \u00e4lter werdenYogaPr\u00e4ventivsportEltern-KindFun for KidsSch\u00fclerturnenLeichtathletik Wintertraining<\/p>\n","protected":false},"author":1,"featured_media":0,"parent":0,"menu_order":0,"comment_status":"closed","ping_status":"closed","template":"","meta":{"footnotes":""},"class_list":["post-115","page","type-page","status-publish","hentry"],"_links":{"self":[{"href":"https:\/\/tvdillingen.de\/index.php?rest_route=\/wp\/v2\/pages\/115","targetHints":{"allow":["GET"]}}],"collection":[{"href":"https:\/\/tvdillingen.de\/index.php?rest_route=\/wp\/v2\/pages"}],"about":[{"href":"https:\/\/tvdillingen.de\/index.php?rest_route=\/wp\/v2\/types\/page"}],"author":[{"embeddable":true,"href":"https:\/\/tvdillingen.de\/index.php?rest_route=\/wp\/v2\/users\/1"}],"replies":[{"embeddable":true,"href":"https:\/\/tvdillingen.de\/index.php?rest_route=%2Fwp%2Fv2%2Fcomments&post=115"}],"version-history":[{"count":15,"href":"https:\/\/tvdillingen.de\/index.php?rest_route=\/wp\/v2\/pages\/115\/revisions"}],"predecessor-version":[{"id":247,"href":"https:\/\/tvdillingen.de\/index.php?rest_route=\/wp\/v2\/pages\/115\/revisions\/247"}],"wp:attachment":[{"href":"https:\/\/tvdillingen.de\/index.php?rest_route=%2Fwp%2Fv2%2Fmedia&parent=115"}],"curies":[{"name":"wp","href":"https:\/\/api.w.org\/{rel}","templated":true}]}}