{"id":1045,"date":"2024-04-28T14:25:36","date_gmt":"2024-04-28T14:25:36","guid":{"rendered":"https:\/\/tvdillingen.de\/?page_id=1045"},"modified":"2024-04-28T14:25:36","modified_gmt":"2024-04-28T14:25:36","slug":"integration","status":"publish","type":"page","link":"https:\/\/tvdillingen.de\/?page_id=1045","title":{"rendered":"Integration"},"content":{"rendered":"\n<div class=\"wp-block-media-text is-stacked-on-mobile\" style=\"grid-template-columns:33% auto\"><figure class=\"wp-block-media-text__media\"><img loading=\"lazy\" decoding=\"async\" width=\"276\" height=\"465\" src=\"https:\/\/tvdillingen.de\/wp-content\/uploads\/2024\/04\/Logo_ASVkl.jpg\" alt=\"\" class=\"wp-image-1046 size-full\" srcset=\"https:\/\/tvdillingen.de\/wp-content\/uploads\/2024\/04\/Logo_ASVkl.jpg 276w, https:\/\/tvdillingen.de\/wp-content\/uploads\/2024\/04\/Logo_ASVkl-178x300.jpg 178w\" sizes=\"auto, (max-width: 276px) 100vw, 276px\" \/><\/figure><div class=\"wp-block-media-text__content\">\n<p><strong>DOSB &#8211; Integration durch Sport<\/strong><br>Der TV Germania Dillingen nimmt am Programm des Deutschen Olympischen Sportbundes &#8222;Integration durch Sport&#8220; teil und ist nun offizieller St\u00fctzpunktverein des DOSB. In der Sporthalle West k\u00f6nnen Kinder mit Migrationshintergrund an einer speziellen Trainingsstunde der Trampolinabteilung teilnehmen, bei der der besondere Schwerpunkt auf F\u00f6rderung der Integration gelegt wird. Hier wird auf die Bed\u00fcrftnisse der Kinder, ihre Kenntnisse und F\u00e4higkeiten unter Ber\u00fccksichtigung der migrationsbedingten Problematik eingegangen. Gef\u00f6rdert wird diese Ma\u00dfnahme durch den DOSB. Weitere Informationen zu dieser besonderen Ma\u00dfnahme auf unserer Gesch\u00e4ftsstelle.<\/p>\n<\/div><\/div>\n","protected":false},"excerpt":{"rendered":"<p>DOSB &#8211; Integration durch SportDer TV Germania Dillingen nimmt am Programm des Deutschen Olympischen Sportbundes &#8222;Integration durch Sport&#8220; teil und ist nun offizieller St\u00fctzpunktverein des DOSB. In der Sporthalle West k\u00f6nnen Kinder mit Migrationshintergrund an einer speziellen Trainingsstunde der Trampolinabteilung teilnehmen, bei der der besondere Schwerpunkt auf F\u00f6rderung der Integration gelegt wird. Hier wird auf&hellip; <br \/> <a class=\"read-more\" href=\"https:\/\/tvdillingen.de\/?page_id=1045\">Weiterlesen<\/a><\/p>\n","protected":false},"author":1,"featured_media":0,"parent":0,"menu_order":0,"comment_status":"closed","ping_status":"closed","template":"","meta":{"footnotes":""},"class_list":["post-1045","page","type-page","status-publish","hentry"],"_links":{"self":[{"href":"https:\/\/tvdillingen.de\/index.php?rest_route=\/wp\/v2\/pages\/1045","targetHints":{"allow":["GET"]}}],"collection":[{"href":"https:\/\/tvdillingen.de\/index.php?rest_route=\/wp\/v2\/pages"}],"about":[{"href":"https:\/\/tvdillingen.de\/index.php?rest_route=\/wp\/v2\/types\/page"}],"author":[{"embeddable":true,"href":"https:\/\/tvdillingen.de\/index.php?rest_route=\/wp\/v2\/users\/1"}],"replies":[{"embeddable":true,"href":"https:\/\/tvdillingen.de\/index.php?rest_route=%2Fwp%2Fv2%2Fcomments&post=1045"}],"version-history":[{"count":1,"href":"https:\/\/tvdillingen.de\/index.php?rest_route=\/wp\/v2\/pages\/1045\/revisions"}],"predecessor-version":[{"id":1048,"href":"https:\/\/tvdillingen.de\/index.php?rest_route=\/wp\/v2\/pages\/1045\/revisions\/1048"}],"wp:attachment":[{"href":"https:\/\/tvdillingen.de\/index.php?rest_route=%2Fwp%2Fv2%2Fmedia&parent=1045"}],"curies":[{"name":"wp","href":"https:\/\/api.w.org\/{rel}","templated":true}]}}